{"id":77,"date":"2020-06-05T11:21:53","date_gmt":"2020-06-05T09:21:53","guid":{"rendered":"http:\/\/camping.gorystolowe.info\/?page_id=77"},"modified":"2022-06-15T10:25:12","modified_gmt":"2022-06-15T08:25:12","slug":"kontakt","status":"publish","type":"page","link":"https:\/\/camping.gorystolowe.info\/index.php\/kontakt\/","title":{"rendered":"KONTAKT"},"content":{"rendered":"<p style=\"text-align: center;\"><strong>CAMPING STO\u0141OWOG\u00d3RSKI nr 26<\/strong><br \/>\nul. Piastowska 49, 57-420 Radk\u00f3w<\/p>\n<p style=\"text-align: center;\">tel. kom. 519 697 568,\u00a0 509 425 638<\/p>\n<p style=\"text-align: center;\">tel. (74) 871 22 61 &#8211; pon. &#8211; pi\u0105. w godz. 8:00 &#8211; 15:00<\/p>\n<p style=\"text-align: center;\">e-mail: <strong>promocja@gorystolowe.info<\/strong><\/p>\n<p style=\"text-align: center;\"><strong>GPS:\u00a050.49629\u00b0N, 16.38932\u00b0E, [50\u00b029&#8217;46.6&#8243;N, 16\u00b023&#8217;21.6&#8243;E]<\/strong><\/p>\n","protected":false},"excerpt":{"rendered":"<p>CAMPING STO\u0141OWOG\u00d3RSKI nr 26 ul. Piastowska 49, 57-420 Radk\u00f3w tel. kom. 519 697 568,\u00a0 509 425 638 tel. (74) 871 22 61 &#8211; pon. &#8211; pi\u0105. w godz. 8:00 &#8211; 15:00 e-mail: promocja@gorystolowe.info GPS:\u00a050.49629\u00b0N, 16.38932\u00b0E, [50\u00b029&#8217;46.6&#8243;N, 16\u00b023&#8217;21.6&#8243;E]<\/p>\n","protected":false},"author":1,"featured_media":0,"parent":0,"menu_order":0,"comment_status":"closed","ping_status":"closed","template":"","meta":{"footnotes":""},"class_list":["post-77","page","type-page","status-publish","hentry"],"_links":{"self":[{"href":"https:\/\/camping.gorystolowe.info\/index.php\/wp-json\/wp\/v2\/pages\/77","targetHints":{"allow":["GET"]}}],"collection":[{"href":"https:\/\/camping.gorystolowe.info\/index.php\/wp-json\/wp\/v2\/pages"}],"about":[{"href":"https:\/\/camping.gorystolowe.info\/index.php\/wp-json\/wp\/v2\/types\/page"}],"author":[{"embeddable":true,"href":"https:\/\/camping.gorystolowe.info\/index.php\/wp-json\/wp\/v2\/users\/1"}],"replies":[{"embeddable":true,"href":"https:\/\/camping.gorystolowe.info\/index.php\/wp-json\/wp\/v2\/comments?post=77"}],"version-history":[{"count":4,"href":"https:\/\/camping.gorystolowe.info\/index.php\/wp-json\/wp\/v2\/pages\/77\/revisions"}],"predecessor-version":[{"id":161,"href":"https:\/\/camping.gorystolowe.info\/index.php\/wp-json\/wp\/v2\/pages\/77\/revisions\/161"}],"wp:attachment":[{"href":"https:\/\/camping.gorystolowe.info\/index.php\/wp-json\/wp\/v2\/media?parent=77"}],"curies":[{"name":"wp","href":"https:\/\/api.w.org\/{rel}","templated":true}]}}