{"id":184,"date":"2025-04-18T21:13:00","date_gmt":"2025-04-18T19:13:00","guid":{"rendered":"https:\/\/camping.gorystolowe.info\/?page_id=184"},"modified":"2025-04-18T21:14:08","modified_gmt":"2025-04-18T19:14:08","slug":"bistro-miodowa-chatka","status":"publish","type":"page","link":"https:\/\/camping.gorystolowe.info\/index.php\/bistro-miodowa-chatka\/","title":{"rendered":"BISTRO MIODOWA CHATKA"},"content":{"rendered":"<p>Na campingu dzia\u0142a rewelacyjna knajpka &#8211; bistro Miodowa Chatka. Smaczne, niedrogie jedzenie z nieziemskimi widokami przy ma\u0142ym jasnym lub ciemnym piwie, to co\u015b czego nie u\u015bwiadczycie nigdzie. Zapraszamy na prawdziwy wypoczynek przy domowym jedzeniu.<\/p>\n<div class=\"rl-gallery-container rl-loading\" id=\"rl-gallery-container-1\" data-gallery_id=\"185\"> <div class=\"rl-gallery rl-basicgrid-gallery \" id=\"rl-gallery-1\" data-gallery_no=\"1\"> <div class=\"rl-gallery-item\"><a href=\"https:\/\/camping.gorystolowe.info\/wp-content\/uploads\/2025\/04\/bistro-miodowa-chatka-06.jpg\" title=\"\" data-rl_title=\"\" class=\"rl-gallery-link\" data-rl_caption=\"\" data-rel=\"lightbox-gallery-1\"><img loading=\"lazy\" decoding=\"async\" src=\"https:\/\/camping.gorystolowe.info\/wp-content\/uploads\/2025\/04\/bistro-miodowa-chatka-06-300x225.jpg\" width=\"300\" height=\"225\" alt=\"\" \/><\/a><\/div><div class=\"rl-gallery-item\"><a href=\"https:\/\/camping.gorystolowe.info\/wp-content\/uploads\/2025\/04\/bistro-miodowa-chatka-09.jpg\" title=\"\" data-rl_title=\"\" class=\"rl-gallery-link\" data-rl_caption=\"\" data-rel=\"lightbox-gallery-1\"><img loading=\"lazy\" decoding=\"async\" src=\"https:\/\/camping.gorystolowe.info\/wp-content\/uploads\/2025\/04\/bistro-miodowa-chatka-09-225x300.jpg\" width=\"225\" height=\"300\" alt=\"\" \/><\/a><\/div><div class=\"rl-gallery-item\"><a href=\"https:\/\/camping.gorystolowe.info\/wp-content\/uploads\/2025\/04\/bistro-miodowa-chatka-01.jpg\" title=\"\" data-rl_title=\"\" class=\"rl-gallery-link\" data-rl_caption=\"\" data-rel=\"lightbox-gallery-1\"><img loading=\"lazy\" decoding=\"async\" src=\"https:\/\/camping.gorystolowe.info\/wp-content\/uploads\/2025\/04\/bistro-miodowa-chatka-01-225x300.jpg\" width=\"225\" height=\"300\" alt=\"\" \/><\/a><\/div><div class=\"rl-gallery-item\"><a href=\"https:\/\/camping.gorystolowe.info\/wp-content\/uploads\/2025\/04\/bistro-miodowa-chatka-08.jpg\" title=\"\" data-rl_title=\"\" class=\"rl-gallery-link\" data-rl_caption=\"\" data-rel=\"lightbox-gallery-1\"><img loading=\"lazy\" decoding=\"async\" src=\"https:\/\/camping.gorystolowe.info\/wp-content\/uploads\/2025\/04\/bistro-miodowa-chatka-08-300x300.jpg\" width=\"300\" height=\"300\" alt=\"\" \/><\/a><\/div><div class=\"rl-gallery-item\"><a href=\"https:\/\/camping.gorystolowe.info\/wp-content\/uploads\/2025\/04\/bistro-miodowa-chatka-03.jpg\" title=\"\" data-rl_title=\"\" class=\"rl-gallery-link\" data-rl_caption=\"\" data-rel=\"lightbox-gallery-1\"><img loading=\"lazy\" decoding=\"async\" src=\"https:\/\/camping.gorystolowe.info\/wp-content\/uploads\/2025\/04\/bistro-miodowa-chatka-03-300x182.jpg\" width=\"300\" height=\"182\" alt=\"\" \/><\/a><\/div><div class=\"rl-gallery-item\"><a href=\"https:\/\/camping.gorystolowe.info\/wp-content\/uploads\/2025\/04\/bistro-miodowa-chatka-02-1.jpg\" title=\"\" data-rl_title=\"\" class=\"rl-gallery-link\" data-rl_caption=\"\" data-rel=\"lightbox-gallery-1\"><img loading=\"lazy\" decoding=\"async\" src=\"https:\/\/camping.gorystolowe.info\/wp-content\/uploads\/2025\/04\/bistro-miodowa-chatka-02-1-225x300.jpg\" width=\"225\" height=\"300\" alt=\"\" \/><\/a><\/div><div class=\"rl-gallery-item\"><a href=\"https:\/\/camping.gorystolowe.info\/wp-content\/uploads\/2025\/04\/bistro-miodowa-chatka-07.jpg\" title=\"\" data-rl_title=\"\" class=\"rl-gallery-link\" data-rl_caption=\"\" data-rel=\"lightbox-gallery-1\"><img loading=\"lazy\" decoding=\"async\" src=\"https:\/\/camping.gorystolowe.info\/wp-content\/uploads\/2025\/04\/bistro-miodowa-chatka-07-225x300.jpg\" width=\"225\" height=\"300\" alt=\"\" \/><\/a><\/div><div class=\"rl-gallery-item\"><a href=\"https:\/\/camping.gorystolowe.info\/wp-content\/uploads\/2025\/04\/bistro-miodowa-chatka-05.jpg\" title=\"\" data-rl_title=\"\" class=\"rl-gallery-link\" data-rl_caption=\"\" data-rel=\"lightbox-gallery-1\"><img loading=\"lazy\" decoding=\"async\" src=\"https:\/\/camping.gorystolowe.info\/wp-content\/uploads\/2025\/04\/bistro-miodowa-chatka-05-300x225.jpg\" width=\"300\" height=\"225\" alt=\"\" \/><\/a><\/div><div class=\"rl-gallery-item\"><a href=\"https:\/\/camping.gorystolowe.info\/wp-content\/uploads\/2025\/04\/bistro-miodowa-chatka-04.jpg\" title=\"\" data-rl_title=\"\" class=\"rl-gallery-link\" data-rl_caption=\"\" data-rel=\"lightbox-gallery-1\"><img loading=\"lazy\" decoding=\"async\" src=\"https:\/\/camping.gorystolowe.info\/wp-content\/uploads\/2025\/04\/bistro-miodowa-chatka-04-300x225.jpg\" width=\"300\" height=\"225\" alt=\"\" \/><\/a><\/div> <\/div> <\/div>\n","protected":false},"excerpt":{"rendered":"<p>Na campingu dzia\u0142a rewelacyjna knajpka &#8211; bistro Miodowa Chatka. Smaczne, niedrogie jedzenie z nieziemskimi widokami przy ma\u0142ym jasnym lub ciemnym piwie, to co\u015b czego nie u\u015bwiadczycie nigdzie. Zapraszamy na prawdziwy wypoczynek przy domowym jedzeniu.<\/p>\n","protected":false},"author":1,"featured_media":0,"parent":0,"menu_order":0,"comment_status":"closed","ping_status":"closed","template":"","meta":{"footnotes":""},"class_list":["post-184","page","type-page","status-publish","hentry"],"_links":{"self":[{"href":"https:\/\/camping.gorystolowe.info\/index.php\/wp-json\/wp\/v2\/pages\/184","targetHints":{"allow":["GET"]}}],"collection":[{"href":"https:\/\/camping.gorystolowe.info\/index.php\/wp-json\/wp\/v2\/pages"}],"about":[{"href":"https:\/\/camping.gorystolowe.info\/index.php\/wp-json\/wp\/v2\/types\/page"}],"author":[{"embeddable":true,"href":"https:\/\/camping.gorystolowe.info\/index.php\/wp-json\/wp\/v2\/users\/1"}],"replies":[{"embeddable":true,"href":"https:\/\/camping.gorystolowe.info\/index.php\/wp-json\/wp\/v2\/comments?post=184"}],"version-history":[{"count":2,"href":"https:\/\/camping.gorystolowe.info\/index.php\/wp-json\/wp\/v2\/pages\/184\/revisions"}],"predecessor-version":[{"id":197,"href":"https:\/\/camping.gorystolowe.info\/index.php\/wp-json\/wp\/v2\/pages\/184\/revisions\/197"}],"wp:attachment":[{"href":"https:\/\/camping.gorystolowe.info\/index.php\/wp-json\/wp\/v2\/media?parent=184"}],"curies":[{"name":"wp","href":"https:\/\/api.w.org\/{rel}","templated":true}]}}