{"id":17,"date":"2020-06-03T21:23:31","date_gmt":"2020-06-03T19:23:31","guid":{"rendered":"http:\/\/camping.gorystolowe.info\/?page_id=17"},"modified":"2023-04-28T17:57:11","modified_gmt":"2023-04-28T15:57:11","slug":"test","status":"publish","type":"page","link":"https:\/\/camping.gorystolowe.info\/","title":{"rendered":"O nas"},"content":{"rendered":"<p>Camping Sto\u0142owog\u00f3rski zrzeszony jest w Polskiej Federacji Campingu i Caravaningu pod numerem 26.<br \/>\nNa terenie campingu znajduje si\u0119 oko\u0142o 100 stanowisk caravaningowych oraz 50 stanowisk na namioty. Cz\u0119\u015bciowe zalesienie terenu, pozwoli Pa\u0144stwu odpocz\u0105\u0107 od promieni s\u0142onecznych, a zwolennikom opalania pozwoli w pe\u0142ni cieszy\u0107 si\u0119 sprzyjaj\u0105c\u0105 aur\u0105.<br \/>\nCodzienne pobudki w cichej i spokojnej okolicy z pi\u0119knym widokiem na Szczeliniec sprawi\u0105, \u017ce pocz\u0105tek ka\u017cdego dnia b\u0119dzie dla Pa\u0144stwa niezapomniany.<br \/>\nNasz camping jest idealn\u0105 baz\u0105 wypadow\u0105 dla codziennych wycieczek w G\u00f3ry Sto\u0142owe oraz do Czech.<\/p>\n<p>Do dyspozycji naszych Go\u015bci oddajemy:<\/p>\n<p>&#8211; kuchni\u0119 og\u00f3lnodost\u0119pn\u0105 w budynku motelu,<br \/>\n&#8211; 15 miejsc noclegowych w motelu (3 pokoje 3-osobowe i 3 pokoje 2-osobowe),<br \/>\n&#8211; 10 miejsc noclegowych w 2 domkach letniskowych,<br \/>\n&#8211; w\u0119z\u0142y sanitarne og\u00f3lnodostepne (natryski, toalety),<br \/>\n&#8211; pralk\u0119,<br \/>\n&#8211; boiska sportowe 50m od campingu,<br \/>\n&#8211; ma\u0142y akwen wodny wraz z kajakami,<br \/>\n&#8211; le\u017caki,<br \/>\n&#8211; dost\u0119p do Internetu na terenie ca\u0142ego campingu.<\/p>\n<p>Zapraszamy do nas od 28 kwietnia do 30 wrze\u015bnia.<\/p>\n","protected":false},"excerpt":{"rendered":"<p>Camping Sto\u0142owog\u00f3rski zrzeszony jest w Polskiej Federacji Campingu i Caravaningu pod numerem 26. Na terenie campingu znajduje si\u0119 oko\u0142o 100 stanowisk caravaningowych oraz 50 stanowisk na namioty. Cz\u0119\u015bciowe zalesienie terenu, pozwoli Pa\u0144stwu odpocz\u0105\u0107 od promieni s\u0142onecznych, a zwolennikom opalania pozwoli w pe\u0142ni cieszy\u0107 si\u0119 sprzyjaj\u0105c\u0105 aur\u0105. Codzienne pobudki w cichej i spokojnej okolicy z pi\u0119knym&#8230;<\/p>\n<p class=\"more-link\"><a href=\"https:\/\/camping.gorystolowe.info\/\"><span>Read More<\/span><i>&#43;<\/i><\/a><\/p>\n","protected":false},"author":1,"featured_media":0,"parent":0,"menu_order":0,"comment_status":"closed","ping_status":"closed","template":"","meta":{"footnotes":""},"class_list":["post-17","page","type-page","status-publish","hentry"],"_links":{"self":[{"href":"https:\/\/camping.gorystolowe.info\/index.php\/wp-json\/wp\/v2\/pages\/17","targetHints":{"allow":["GET"]}}],"collection":[{"href":"https:\/\/camping.gorystolowe.info\/index.php\/wp-json\/wp\/v2\/pages"}],"about":[{"href":"https:\/\/camping.gorystolowe.info\/index.php\/wp-json\/wp\/v2\/types\/page"}],"author":[{"embeddable":true,"href":"https:\/\/camping.gorystolowe.info\/index.php\/wp-json\/wp\/v2\/users\/1"}],"replies":[{"embeddable":true,"href":"https:\/\/camping.gorystolowe.info\/index.php\/wp-json\/wp\/v2\/comments?post=17"}],"version-history":[{"count":7,"href":"https:\/\/camping.gorystolowe.info\/index.php\/wp-json\/wp\/v2\/pages\/17\/revisions"}],"predecessor-version":[{"id":170,"href":"https:\/\/camping.gorystolowe.info\/index.php\/wp-json\/wp\/v2\/pages\/17\/revisions\/170"}],"wp:attachment":[{"href":"https:\/\/camping.gorystolowe.info\/index.php\/wp-json\/wp\/v2\/media?parent=17"}],"curies":[{"name":"wp","href":"https:\/\/api.w.org\/{rel}","templated":true}]}}