{"id":108,"date":"2020-06-06T21:48:10","date_gmt":"2020-06-06T19:48:10","guid":{"rendered":"http:\/\/camping.gorystolowe.info\/?page_id=108"},"modified":"2025-03-12T11:29:29","modified_gmt":"2025-03-12T10:29:29","slug":"regulamin","status":"publish","type":"page","link":"https:\/\/camping.gorystolowe.info\/index.php\/regulamin\/","title":{"rendered":"REGULAMIN"},"content":{"rendered":"<p style=\"text-align: center;\"><strong>REGULAMIN CAMPINGU STO\u0141OWOG\u00d3RSKIEGO NR 26 W RADKOWIE<\/strong><\/p>\n<p>Szanowni Go\u015bcie i Odwiedzaj\u0105cy,<br \/>\nPoni\u017cszy Regulamin zosta\u0142 opracowany z my\u015bl\u0105 o bezpiecze\u0144stwie i zapewnieniu Pa\u0144stwu przyjemnego pobytu.<br \/>\nPrzebywanie na terenie campingu jest r\u00f3wnoznaczne ze znajomo\u015bci\u0105 i akceptacj\u0105 obowi\u0105zuj\u0105cych w nim zasad.<\/p>\n<p>1. Go\u015bcie przebywaj\u0105cy na campingu Sto\u0142owog\u00f3rskim nr 26, proszeni s\u0105 o przestrzeganie zasad bezpiecznego i kulturalnego wypoczynku.<br \/>\n2. Camping Sto\u0142owog\u00f3rski nr 26 dzia\u0142a sezonowo od 28.04 do 30.09.<br \/>\n3. Do korzystania z campingu uprawnione s\u0105 osoby zameldowane w recepcji. Przy meldunku nale\u017cy okaza\u0107 dokument to\u017csamo\u015bci ze zdj\u0119ciem.<br \/>\n4. Wszelkie op\u0142aty, zameldowania i zg\u0142oszenia pobytu dokonywane s\u0105 w recepcji campingu czynnej od godz. 8:00 do godz. 20:00.<br \/>\n5. Ca\u0142odobowo na terenie campingu mog\u0105 przebywa\u0107 wy\u0142\u0105cznie osoby, kt\u00f3re dope\u0142ni\u0105 obowi\u0105zku zameldowania si\u0119 i op\u0142acenia koszt\u00f3w pobytu (najp\u00f3\u017aniej w dniu przyjazdu) wg obowi\u0105zuj\u0105cych stawek.<br \/>\n6. Nale\u017cno\u015b\u0107 p\u0142atna jest za ca\u0142y okres pobytu z g\u00f3ry, z chwil\u0105 przybycia do campingu (w rozliczeniu uwzgl\u0119dniana jest wp\u0142ata zadatku).<br \/>\n7. Doba campingowa trwa od godz. 12:00 w dniu przyjazdu do godz. 11:00 dnia nast\u0119pnego.<br \/>\n8. W zwi\u0105zku z ponoszeniem przez Rodzic\u00f3w odpowiedzialno\u015bci za bezpiecze\u0144stwo i za wszelkie skutki dzia\u0142a\u0144 swoich dzieci, Kierownictwo campingu zwraca si\u0119 z pro\u015bb\u0105 o wzmo\u017con\u0105 opiek\u0119 nad nimi.<br \/>\n9. Na campingu obowi\u0105zuje cisza nocna od 22:00 do 7:00.<br \/>\n10. W wypadku ch\u0119ci przed\u0142u\u017cenia pobytu ponad ustalony termin, prosimy o mo\u017cliwie szybkie zg\u0142aszanie tego faktu w recepcji.<br \/>\n11. Camping gwarantuje swoim Go\u015bciom korzystanie z urz\u0105dze\u0144 o standardzie zgodnym z posiadan\u0105 kategori\u0105. W przypadku zastrze\u017ce\u0144 dotycz\u0105cych jako\u015bci us\u0142ug, Go\u015b\u0107 proszony jest o jak najszybsze zg\u0142oszenie ich w recepcji.<br \/>\n12. Camping zapewnia:<br \/>\na)warunki pe\u0142nego i nieskr\u0119powanego wypoczynku Go\u015bci,<br \/>\nb)bezpiecze\u0144stwo pobytu, w tym bezpiecze\u0144stwo zachowania tajemnicy informacji o Go\u015bciach,<br \/>\nc)profesjonaln\u0105 i uprzejma obs\u0142ug\u0119 w zakresie us\u0142ug,<br \/>\n13. Camping nie ponosi odpowiedzialno\u015bci za utrat\u0119 lub uszkodzenie rzeczy wniesionych przez osoby korzystaj\u0105ce z jego us\u0142ug w zakresie okre\u015blonym przepisami art. 846-849 Kodeksu Cywilnego, o ile strony nie postanowi\u0142y inaczej.<br \/>\n14. Turysta powinien zawiadomi\u0107 pracownika recepcji campingu o wyst\u0105pieniu szkody niezw\u0142ocznie po jej stwierdzeniu.<br \/>\n15. Camping zapewnia bezpieczne przechowywanie zdeponowanych rzeczy.<br \/>\n16. Camping nie ponosi odpowiedzialno\u015bci za rzeczy warto\u015bciowe, kt\u00f3rych nie oddano do depozytu, pozostawione w przyczepach campingowych, camperach, namiotach i pokojach.<br \/>\n17. Rzeczy warto\u015bciowe w depozycie campingu przyjmowane s\u0105 tylko do wysoko\u015bci 1000 z\u0142.<br \/>\n18. Przebywanie ps\u00f3w na terenie ca\u0142ego o\u015brodka dozwolone jest tylko z wa\u017cnym \u015bwiadectwem szczepie\u0144, w kaga\u0144cu i na smyczy. W\u0142a\u015bciciele ps\u00f3w proszeni s\u0105 o sprz\u0105tanie odchod\u00f3w. Obecno\u015b\u0107 zwierz\u0105t nie mo\u017ce zak\u0142\u00f3ca\u0107 wypoczynku innym Go\u015bciom campingu.<br \/>\n19. Na campingu mo\u017cna parkowa\u0107 samochody w wyznaczonych miejscach lub bezpo\u015brednio przy namiotach lub przyczepach.<br \/>\n20. W przypadku uwag i zastrze\u017ce\u0144 dotycz\u0105cych poziomu us\u0142ug, funkcjonowania urz\u0105dze\u0144 i wyposa\u017cenia campingu, czysto\u015bci i porz\u0105dku, Go\u015b\u0107 proszony jest o poinformowanie o tym recepcji. Kontakt do osoby zarz\u0105dzaj\u0105cej campingiem znaduje si\u0119 recepcji.<br \/>\n21. Prosimy o zorientowanie si\u0119, w kt\u00f3rym miejscu w pobli\u017cu znajduj\u0105 si\u0119 ga\u015bnice ppo\u017c. i jak si\u0119 je u\u017cytkuje.<br \/>\nUWAGA! Osoby u\u017cywaj\u0105ce grilli ponosz\u0105 pe\u0142n\u0105 odpowiedzialno\u015b\u0107 za ewentualne zapr\u00f3szenie ognia i wszystkie wynik\u0142e z tego tytu\u0142u koszty i straty.<br \/>\n22. Zarz\u0105dca campingu zastrzega sobie prawo do \u017c\u0105dania opuszczenia terenu campingu przez Go\u015bci, nie przestrzegaj\u0105cych regulaminu \u2013 szczeg\u00f3lnie zak\u0142\u00f3caj\u0105cych w ra\u017c\u0105cy spos\u00f3b wypoczynek innym Go\u015bciom.<br \/>\n23. Uci\u0105\u017cliwe zak\u0142\u00f3cenia spokoju nale\u017cy zg\u0142asza\u0107 w recepcji campingu.<br \/>\n24. Za dewastacj\u0119, nieuprawnione u\u017cycie ga\u015bnic i wynik\u0142e z tego skutki (konieczno\u015b\u0107 wymiany wyposa\u017cenia, dodatkowe prace obs\u0142ugi) u\u017cytkownicy campingu b\u0119d\u0105 obci\u0105\u017cani dodatkowymi op\u0142atami.<br \/>\n25. Camping mo\u017ce odm\u00f3wi\u0107 przyj\u0119cia Go\u015bcia, kt\u00f3ry podczas poprzedniego pobytu ra\u017c\u0105co naruszy\u0142 regulamin campingu wyrz\u0105dzaj\u0105c szkod\u0119 w mieniu campingu, Go\u015bci lub szkod\u0119 na osobie Go\u015bcia, pracownika campingu lub innych os\u00f3b przebywaj\u0105cych na campingu albo te\u017c w inny spos\u00f3b zak\u0142\u00f3ci\u0142 spokojny pobyt go\u015bci lub funkcjonowanie obiektu.<br \/>\n26. Korzystanie z poszczeg\u00f3lnych obiekt\u00f3w, miejsc i sprz\u0119tu campingu odbywa si\u0119 zgodnie z przyj\u0119tymi dla nich zasadami, cennikiem i regulaminami.<br \/>\n27. Nieczysto\u015bci i odpadki w workach na \u015bmieci nale\u017cy wynosi\u0107 do pojemnik\u00f3w na \u015bmieci znajduj\u0105cych si\u0119 na terenie campingu.<br \/>\n28. W sprawach nieuregulowanych w niniejszym regulaminie zastosowanie maj\u0105 odpowiednio przepisy Kodeksu Cywilnego oraz Ustawy o us\u0142ugach turystycznych.<br \/>\n29. Niniejszy Regulamin obowi\u0105zuje od dnia 1 stycznia 2020r.<\/p>\n","protected":false},"excerpt":{"rendered":"<p>REGULAMIN CAMPINGU STO\u0141OWOG\u00d3RSKIEGO NR 26 W RADKOWIE Szanowni Go\u015bcie i Odwiedzaj\u0105cy, Poni\u017cszy Regulamin zosta\u0142 opracowany z my\u015bl\u0105 o bezpiecze\u0144stwie i zapewnieniu Pa\u0144stwu przyjemnego pobytu. Przebywanie na terenie campingu jest r\u00f3wnoznaczne ze znajomo\u015bci\u0105 i akceptacj\u0105 obowi\u0105zuj\u0105cych w nim zasad. 1. Go\u015bcie przebywaj\u0105cy na campingu Sto\u0142owog\u00f3rskim nr 26, proszeni s\u0105 o przestrzeganie zasad bezpiecznego i kulturalnego wypoczynku.&#8230;<\/p>\n<p class=\"more-link\"><a href=\"https:\/\/camping.gorystolowe.info\/index.php\/regulamin\/\"><span>Read More<\/span><i>&#43;<\/i><\/a><\/p>\n","protected":false},"author":1,"featured_media":0,"parent":0,"menu_order":0,"comment_status":"closed","ping_status":"closed","template":"","meta":{"footnotes":""},"class_list":["post-108","page","type-page","status-publish","hentry"],"_links":{"self":[{"href":"https:\/\/camping.gorystolowe.info\/index.php\/wp-json\/wp\/v2\/pages\/108","targetHints":{"allow":["GET"]}}],"collection":[{"href":"https:\/\/camping.gorystolowe.info\/index.php\/wp-json\/wp\/v2\/pages"}],"about":[{"href":"https:\/\/camping.gorystolowe.info\/index.php\/wp-json\/wp\/v2\/types\/page"}],"author":[{"embeddable":true,"href":"https:\/\/camping.gorystolowe.info\/index.php\/wp-json\/wp\/v2\/users\/1"}],"replies":[{"embeddable":true,"href":"https:\/\/camping.gorystolowe.info\/index.php\/wp-json\/wp\/v2\/comments?post=108"}],"version-history":[{"count":4,"href":"https:\/\/camping.gorystolowe.info\/index.php\/wp-json\/wp\/v2\/pages\/108\/revisions"}],"predecessor-version":[{"id":181,"href":"https:\/\/camping.gorystolowe.info\/index.php\/wp-json\/wp\/v2\/pages\/108\/revisions\/181"}],"wp:attachment":[{"href":"https:\/\/camping.gorystolowe.info\/index.php\/wp-json\/wp\/v2\/media?parent=108"}],"curies":[{"name":"wp","href":"https:\/\/api.w.org\/{rel}","templated":true}]}}